{"id":309,"date":"2019-09-04T07:11:58","date_gmt":"2019-09-04T07:11:58","guid":{"rendered":"https:\/\/rioartexperience.com\/it\/?page_id=309"},"modified":"2020-06-04T00:42:34","modified_gmt":"2020-06-04T00:42:34","slug":"city-tour","status":"publish","type":"page","link":"https:\/\/rioartexperience.com\/it\/tours\/city-tour\/","title":{"rendered":"City Tour"},"content":{"rendered":"<div id='av_section_1'  class='avia-section main_color avia-section-huge avia-no-border-styling  avia-full-stretch avia-bg-style-scroll  avia-builder-el-0  el_before_av_section  avia-builder-el-first   av-medium-hide av-small-hide av-mini-hide av-minimum-height av-minimum-height-custom  container_wrap sidebar_right' style='background-repeat: no-repeat; background-image: url(https:\/\/rioartexperience.com\/it\/wp-content\/uploads\/2019\/09\/topo_citytour.jpg);background-attachment: scroll; background-position: bottom right;  '  data-section-bg-repeat='stretch'><div class='container' style='height:500px'><main  role=\"main\" itemprop=\"mainContentOfPage\"  class='template-page content  av-content-small alpha units'><div class='post-entry post-entry-type-page post-entry-309'><div class='entry-content-wrapper clearfix'>\n<div class=\"flex_column av_one_half  flex_column_div av-zero-column-padding first  avia-builder-el-1  el_before_av_one_half  avia-builder-el-first  \" style='border-radius:0px; '><div  style='padding-bottom:10px; font-size:50px;' class='av-special-heading av-special-heading-h1  blockquote modern-quote  avia-builder-el-2  avia-builder-el-no-sibling  av-thin-font av-inherit-size '><h1 class='av-special-heading-tag '  itemprop=\"headline\"  ><strong>City Tour<\/strong><\/h1><div class ='av-subheading av-subheading_below  ' style='font-size:15px;'><p>RioArtExperience<\/p>\n<\/div><div class='special-heading-border'><div class='special-heading-inner-border' ><\/div><\/div><\/div><\/div><div class=\"flex_column av_one_half  flex_column_div av-zero-column-padding   avia-builder-el-3  el_after_av_one_half  avia-builder-el-last  \" style='border-radius:0px; '><\/div>\n\n<\/div><\/div><\/main><!-- close content main element --><\/div><\/div><div id='av_section_2'  class='avia-section main_color avia-section-large avia-no-border-styling  avia-full-stretch av-section-color-overlay-active avia-bg-style-scroll  avia-builder-el-4  el_after_av_section  el_before_av_section   av-desktop-hide av-minimum-height av-minimum-height-25  container_wrap sidebar_right' style='background-repeat: no-repeat; background-image: url(https:\/\/rioartexperience.com\/it\/wp-content\/uploads\/2019\/09\/topo_citytour.jpg);background-attachment: scroll; background-position: bottom right;  '  data-section-bg-repeat='stretch' data-av_minimum_height_pc='25'><div class='av-section-color-overlay-wrap'><div class='av-section-color-overlay' style='opacity: 0.8; background-color: #ffffff; '><\/div><div class='container' ><div class='template-page content  av-content-small alpha units'><div class='post-entry post-entry-type-page post-entry-309'><div class='entry-content-wrapper clearfix'>\n<div class=\"flex_column av_one_half  flex_column_div av-zero-column-padding first  avia-builder-el-5  el_before_av_one_half  avia-builder-el-first  \" style='border-radius:0px; '><div  style='padding-bottom:10px; font-size:50px;' class='av-special-heading av-special-heading-h1  blockquote modern-quote  avia-builder-el-6  avia-builder-el-no-sibling  av-thin-font av-inherit-size '><h1 class='av-special-heading-tag '  itemprop=\"headline\"  ><strong>City Tour<\/strong><\/h1><div class ='av-subheading av-subheading_below  ' style='font-size:15px;'><p>RioArtExperience<\/p>\n<\/div><div class='special-heading-border'><div class='special-heading-inner-border' ><\/div><\/div><\/div><\/div><div class=\"flex_column av_one_half  flex_column_div av-zero-column-padding   avia-builder-el-7  el_after_av_one_half  avia-builder-el-last  \" style='border-radius:0px; '><\/div>\n\n<\/div><\/div><\/div><!-- close content main div --><\/div><\/div><\/div><div id='av_section_3'  class='avia-section main_color avia-section-large avia-no-border-styling  avia-bg-style-scroll  avia-builder-el-8  el_after_av_section  el_before_av_section   container_wrap sidebar_right' style='background-color: #ededed;  '  ><div class='container' ><div class='template-page content  av-content-small alpha units'><div class='post-entry post-entry-type-page post-entry-309'><div class='entry-content-wrapper clearfix'>\n<div class=\"flex_column av_one_fourth  flex_column_div av-zero-column-padding first  avia-builder-el-9  el_before_av_one_half  avia-builder-el-first  \" style='border-radius:0px; '><\/div><div class=\"flex_column av_one_half  flex_column_div av-zero-column-padding   avia-builder-el-10  el_after_av_one_fourth  el_before_av_one_fourth  \" style='border-radius:0px; '><p><div  style='padding-bottom:20px; ' class='av-special-heading av-special-heading-h3  blockquote modern-quote  avia-builder-el-11  el_before_av_textblock  avia-builder-el-first  av-thin-font '><h3 class='av-special-heading-tag '  itemprop=\"headline\"  ><strong>CRISTO, SANTA TERESA, CATTEDRALE METROPOLITANA, SCALINATA di SELARON e PAN DI ZUCCHERO<\/strong><\/h3><div class='special-heading-border'><div class='special-heading-inner-border' ><\/div><\/div><\/div><br \/>\n<section class=\"av_textblock_section \"  itemscope=\"itemscope\" itemtype=\"https:\/\/schema.org\/CreativeWork\" ><div class='avia_textblock  '   itemprop=\"text\" ><div id=\"comp-ivh3usg4inlineContent\" class=\"c3inlineContent\">\n<div id=\"comp-it30loin\" class=\"txtNew\" data-packed=\"true\">\n<p style=\"text-align: justify;\"><span style=\"font-weight: 400;\">La citt\u00e0 di Rio de Janeiro \u00e8 ricca di colori, sapori, dettagli e anche per chi ha poco tempo, mostriamo la citt\u00e0 in un giorno meglio di chiunque altro. Organizziamo una visita ai punti turistici pi\u00f9 importanti in modo che il visitatore possa entrare in contatto con le bellezze naturali, la storia, l&#8217;arte, l&#8217;architettura e la cultura della citt\u00e0. La proposta \u00e8 quella di visitare questi luoghi con uno sguardo vivo e appassionato di chi ama la citt\u00e0 e conosce ogni dettaglio, ogni curiosit\u00e0 che render\u00e0 l&#8217;esperienza ancora pi\u00f9 ricca. <\/span><\/p>\n<p style=\"text-align: justify;\"><span style=\"font-weight: 400;\">Assaggiando ad esempio, per la prima volta i famosi \u201cpao de queijo\u201d, pane al formaggio, e a\u00e7ai mentre passeggiamo nell&#8217;affascinante Santa Teresa, scattando foto sui gradini colorati di Selar\u00f3n a Lapa, visitando una delle 7 meraviglie del mondo moderno, il Cristo Redentore e apprezzando uno dei tramonti pi\u00f9 belli di Rio sul Pan di Zucchero&#8230; Ecco queste sono le esperienze che i clienti custodiranno per sempre nella loro memoria.\u00a0<\/span><\/p>\n<\/div>\n<\/div>\n<\/div><\/section><br \/>\n<div  class='avia-buttonrow-wrap avia-buttonrow-center   avia-builder-el-13  el_after_av_textblock  avia-builder-el-last '>\n<a href='https:\/\/rioartexperience.com\/it\/contact\/'  class='avia-button  avia-icon_select-yes-left-icon avia-color-theme-color avia-size-large '  style='margin-bottom:5px; margin-left:3px; margin-right:3px; ' ><span class='avia_button_icon avia_button_icon_left ' aria-hidden='true' data-av_icon='\ue805' data-av_iconfont='entypo-fontello'><\/span><span class='avia_iconbox_title' >INVIA MESSAGGIO<\/span><\/a>\n<a href='http:\/\/wa.me\/5521994231768' class='avia-button  avia-icon_select-yes-left-icon avia-color-theme-color avia-size-large ' target=\"_blank\" style='margin-bottom:5px; margin-left:3px; margin-right:3px; ' rel=\"noopener\"><span class='avia_button_icon avia_button_icon_left ' aria-hidden='true' data-av_icon='\ue854' data-av_iconfont='entypo-fontello'><\/span><span class='avia_iconbox_title' >WHATSAPP<\/span><\/a>\n<\/div><\/p><\/div><div class=\"flex_column av_one_fourth  flex_column_div av-zero-column-padding   avia-builder-el-14  el_after_av_one_half  el_before_av_one_full  \" style='border-radius:0px; '><\/div><div class=\"flex_column av_one_full  flex_column_div av-zero-column-padding first  avia-builder-el-15  el_after_av_one_fourth  avia-builder-el-last  column-top-margin\" style='border-radius:0px; '><div  class='avia-buttonrow-wrap avia-buttonrow-center   avia-builder-el-16  avia-builder-el-no-sibling '>\n<a href='https:\/\/rioartexperience.com\/it\/tours\/street-art-tour\/'  class='avia-button  avia-icon_select-no avia-color-custom avia-size-large '  style='background-color:#a8a8a8; border-color:#a8a8a8; color:#ffffff; margin-bottom:2px; margin-left:1px; margin-right:1px; ' ><span class='avia_iconbox_title' >Tour dell\u2019arte urbana<\/span><\/a>\n<a href='https:\/\/rioartexperience.com\/it\/tours\/architecture-tour\/'  class='avia-button  avia-icon_select-no avia-color-custom avia-size-large '  style='background-color:#a8a8a8; border-color:#a8a8a8; color:#ffffff; margin-bottom:2px; margin-left:1px; margin-right:1px; ' ><span class='avia_iconbox_title' >Tour dell\u2019architettura<\/span><\/a>\n<a href='https:\/\/rioartexperience.com\/it\/tours\/experience-tour\/'  class='avia-button  avia-icon_select-no avia-color-custom avia-size-large '  style='background-color:#a8a8a8; border-color:#a8a8a8; color:#ffffff; margin-bottom:2px; margin-left:1px; margin-right:1px; ' ><span class='avia_iconbox_title' >Tour di esperienze<\/span><\/a>\n<a href='https:\/\/rioartexperience.com\/it\/tours\/corporate-tour\/'  class='avia-button  avia-icon_select-no avia-color-custom avia-size-large '  style='background-color:#a8a8a8; border-color:#a8a8a8; color:#ffffff; margin-bottom:2px; margin-left:1px; margin-right:1px; ' ><span class='avia_iconbox_title' >Tour aziendale<\/span><\/a>\n<\/div><\/div><\/div><\/div><\/div><!-- close content main div --><\/div><\/div><div id='av_section_4'  class='avia-section main_color avia-section-default avia-no-border-styling  avia-full-stretch avia-bg-style-scroll  avia-builder-el-17  el_after_av_section  avia-builder-el-last   container_wrap sidebar_right' style='background-color: #ffffff; background-repeat: no-repeat; background-image: url(https:\/\/rioartexperience.com\/it\/wp-content\/uploads\/2019\/09\/rodape_city2.jpg);background-attachment: scroll; background-position: top left;  '  data-section-bg-repeat='stretch'><div class='container' ><div class='template-page content  av-content-small alpha units'><div class='post-entry post-entry-type-page post-entry-309'><div class='entry-content-wrapper clearfix'>\n<div class=\"flex_column av_one_fifth  flex_column_div av-zero-column-padding first  avia-builder-el-18  el_before_av_three_fifth  avia-builder-el-first  \" style='border-radius:0px; '><\/div><div class=\"flex_column av_three_fifth  flex_column_div av-zero-column-padding   avia-builder-el-19  el_after_av_one_fifth  el_before_av_one_fifth  \" style='border-radius:0px; '><p><div  style='padding-bottom:10px; ' class='av-special-heading av-special-heading-h2  blockquote modern-quote modern-centered  avia-builder-el-20  el_before_av_textblock  avia-builder-el-first  av-thin-font '><h2 class='av-special-heading-tag '  itemprop=\"headline\"  ><strong>Contattaci e vediamo come possiamo aiutarti!<\/strong><\/h2><div class='special-heading-border'><div class='special-heading-inner-border' ><\/div><\/div><\/div><br \/>\n<section class=\"av_textblock_section \"  itemscope=\"itemscope\" itemtype=\"https:\/\/schema.org\/CreativeWork\" ><div class='avia_textblock  '   itemprop=\"text\" ><div id=\"comp-ivh3usg4inlineContent\" class=\"c3inlineContent\">\n<div id=\"comp-it30loin\" class=\"txtNew\" data-packed=\"true\">\n<div id=\"idsxc3z8_1\" class=\"txtNew\" data-packed=\"true\">\n<div id=\"idsxc3za_2\" class=\"txtNew\" data-packed=\"true\">\n<div id=\"comp-ivh5bpah\" class=\"txtNew\" data-packed=\"true\">\n<p class=\"font_8\" style=\"text-align: center;\"><strong>Email<\/strong>: <a href=\"mailto:rioartexperience@gmail.com\">rioartexperience@gmail.com<\/a><br \/>\n<strong>Tel<\/strong>: <a href=\"http:\/\/wa.me\/5521994231768\" target=\"_blank\" rel=\"noopener noreferrer\">+55 (21) 99423-1768<\/a><\/p>\n<\/div>\n<\/div>\n<\/div>\n<\/div>\n<\/div>\n<\/div><\/section><br \/>\n<div   data-autoplay='false'  data-interval='5'  data-animation='slide'  class='avia-logo-element-container av-border-deactivate avia-logo-grid avia-content-slider avia-smallarrow-slider avia-content-grid-active noHover avia-content-slider1 avia-content-slider-odd  avia-builder-el-22  el_after_av_textblock  avia-builder-el-last  ' ><div class='avia-smallarrow-slider-heading  no-logo-slider-heading '><div class='new-special-heading'>&nbsp;<\/div><\/div><div class='avia-content-slider-inner'><div class='slide-entry-wrap' ><div data-avia-tooltip=\"WhatsApp\" class='slide-entry flex_column no_margin post-entry slide-entry-overview slide-loop-1 slide-parity-odd  av_one_fifth first real-thumbnail'><a href='http:\/\/wa.me\/5521994231768' data-rel='slide-1' class='slide-image' title='' target=\"_blank\" rel=\"noopener\"><img loading=\"lazy\" decoding=\"async\" width=\"35\" height=\"35\" src=\"https:\/\/rioartexperience.com\/it\/wp-content\/uploads\/2019\/09\/ico_whatsapp35.png\" class=\"attachment-no scaling size-no scaling\" alt=\"\" \/><\/a><\/div><div data-avia-tooltip=\"Messenger\" class='slide-entry flex_column no_margin post-entry slide-entry-overview slide-loop-2 slide-parity-even  av_one_fifth  real-thumbnail'><a href='http:\/\/m.me\/rioartexperience' data-rel='slide-1' class='slide-image' title='' target=\"_blank\" rel=\"noopener\"><img loading=\"lazy\" decoding=\"async\" width=\"35\" height=\"35\" src=\"https:\/\/rioartexperience.com\/it\/wp-content\/uploads\/2019\/09\/ico_messenger35.png\" class=\"attachment-no scaling size-no scaling\" alt=\"\" \/><\/a><\/div><div data-avia-tooltip=\"Instagram\" class='slide-entry flex_column no_margin post-entry slide-entry-overview slide-loop-3 slide-parity-odd  av_one_fifth  real-thumbnail'><a href='http:\/\/instagram.com\/rioartexperience' data-rel='slide-1' class='slide-image' title='' target=\"_blank\" rel=\"noopener\"><img loading=\"lazy\" decoding=\"async\" width=\"35\" height=\"35\" src=\"https:\/\/rioartexperience.com\/it\/wp-content\/uploads\/2019\/09\/ico_instagram35.png\" class=\"attachment-no scaling size-no scaling\" alt=\"\" \/><\/a><\/div><div data-avia-tooltip=\"Facebook\" class='slide-entry flex_column no_margin post-entry slide-entry-overview slide-loop-4 slide-parity-even  av_one_fifth  real-thumbnail'><a href='http:\/\/facebook.com\/rioartexperience' data-rel='slide-1' class='slide-image' title='' target=\"_blank\" rel=\"noopener\"><img loading=\"lazy\" decoding=\"async\" width=\"35\" height=\"35\" src=\"https:\/\/rioartexperience.com\/it\/wp-content\/uploads\/2019\/09\/ico_facebook35.png\" class=\"attachment-no scaling size-no scaling\" alt=\"\" \/><\/a><\/div><div data-avia-tooltip=\"Tripadvisor\" class='slide-entry flex_column no_margin post-entry slide-entry-overview slide-loop-5 slide-parity-odd  post-entry-last  av_one_fifth  real-thumbnail'><a href='https:\/\/www.tripadvisor.com.br\/Attraction_Review-g303506-d11830608-Reviews-Rio_Art_Experience-Rio_de_Janeiro_State_of_Rio_de_Janeiro.html' data-rel='slide-1' class='slide-image' title='' target=\"_blank\" rel=\"noopener\"><img loading=\"lazy\" decoding=\"async\" width=\"64\" height=\"35\" src=\"https:\/\/rioartexperience.com\/it\/wp-content\/uploads\/2019\/09\/tripadvisor_icon.png\" class=\"attachment-no scaling size-no scaling\" alt=\"\" \/><\/a><\/div><\/div><\/div><\/div><\/p><\/div><div class=\"flex_column av_one_fifth  flex_column_div av-zero-column-padding   avia-builder-el-23  el_after_av_three_fifth  avia-builder-el-last  \" style='border-radius:0px; '><\/div>\n<\/div><\/div><\/div><!-- close content main div --><\/div><\/div><div id='after_section_4'  class='main_color av_default_container_wrap container_wrap sidebar_right' style=' '  ><div class='container' ><div class='template-page content  av-content-small alpha units'><div class='post-entry post-entry-type-page post-entry-309'><div class='entry-content-wrapper clearfix'><\/p>\n","protected":false},"excerpt":{"rendered":"","protected":false},"author":1,"featured_media":0,"parent":123,"menu_order":0,"comment_status":"closed","ping_status":"closed","template":"","meta":{"footnotes":""},"class_list":["post-309","page","type-page","status-publish","hentry"],"yoast_head":"<!-- This site is optimized with the Yoast SEO plugin v27.2 - https:\/\/yoast.com\/product\/yoast-seo-wordpress\/ -->\n<title>City Tour - Rio Art Experience<\/title>\n<meta name=\"description\" content=\"RioArtExperience, a receptive tourism agency based in Rio, invites its clients to encounter unique experiences in the Marvelous City. The agency came to life in the beautiful city of Rio de Janeiro in 2014, inspired by a trend of big cities like London, New York and Rome which integrate art and tourism.\" \/>\n<meta name=\"robots\" content=\"index, follow, max-snippet:-1, max-image-preview:large, max-video-preview:-1\" \/>\n<link rel=\"canonical\" href=\"https:\/\/rioartexperience.com\/it\/tours\/city-tour\/\" \/>\n<meta property=\"og:locale\" content=\"pt_BR\" \/>\n<meta property=\"og:type\" content=\"article\" \/>\n<meta property=\"og:title\" content=\"City Tour - Rio Art Experience\" \/>\n<meta property=\"og:description\" content=\"RioArtExperience, a receptive tourism agency based in Rio, invites its clients to encounter unique experiences in the Marvelous City. The agency came to life in the beautiful city of Rio de Janeiro in 2014, inspired by a trend of big cities like London, New York and Rome which integrate art and tourism.\" \/>\n<meta property=\"og:url\" content=\"https:\/\/rioartexperience.com\/it\/tours\/city-tour\/\" \/>\n<meta property=\"og:site_name\" content=\"Rio Art Experience\" \/>\n<meta property=\"article:publisher\" content=\"https:\/\/www.facebook.com\/rioartexperience\" \/>\n<meta property=\"article:modified_time\" content=\"2020-06-04T00:42:34+00:00\" \/>\n<meta name=\"twitter:card\" content=\"summary_large_image\" \/>\n<meta name=\"twitter:site\" content=\"@TatiGuide\" \/>\n<meta name=\"twitter:label1\" content=\"Est. tempo de leitura\" \/>\n\t<meta name=\"twitter:data1\" content=\"12 minutos\" \/>\n<script type=\"application\/ld+json\" class=\"yoast-schema-graph\">{\"@context\":\"https:\/\/schema.org\",\"@graph\":[{\"@type\":\"WebPage\",\"@id\":\"https:\/\/rioartexperience.com\/it\/tours\/city-tour\/\",\"url\":\"https:\/\/rioartexperience.com\/it\/tours\/city-tour\/\",\"name\":\"City Tour - Rio Art Experience\",\"isPartOf\":{\"@id\":\"https:\/\/rioartexperience.com\/it\/#website\"},\"datePublished\":\"2019-09-04T07:11:58+00:00\",\"dateModified\":\"2020-06-04T00:42:34+00:00\",\"description\":\"RioArtExperience, a receptive tourism agency based in Rio, invites its clients to encounter unique experiences in the Marvelous City. The agency came to life in the beautiful city of Rio de Janeiro in 2014, inspired by a trend of big cities like London, New York and Rome which integrate art and tourism.\",\"breadcrumb\":{\"@id\":\"https:\/\/rioartexperience.com\/it\/tours\/city-tour\/#breadcrumb\"},\"inLanguage\":\"pt-BR\",\"potentialAction\":[{\"@type\":\"ReadAction\",\"target\":[\"https:\/\/rioartexperience.com\/it\/tours\/city-tour\/\"]}]},{\"@type\":\"BreadcrumbList\",\"@id\":\"https:\/\/rioartexperience.com\/it\/tours\/city-tour\/#breadcrumb\",\"itemListElement\":[{\"@type\":\"ListItem\",\"position\":1,\"name\":\"Home\",\"item\":\"https:\/\/rioartexperience.com\/it\/home\/\"},{\"@type\":\"ListItem\",\"position\":2,\"name\":\"I nostri tour\",\"item\":\"https:\/\/rioartexperience.com\/it\/tours\/\"},{\"@type\":\"ListItem\",\"position\":3,\"name\":\"City Tour\"}]},{\"@type\":\"WebSite\",\"@id\":\"https:\/\/rioartexperience.com\/it\/#website\",\"url\":\"https:\/\/rioartexperience.com\/it\/\",\"name\":\"Rio Art Experience\",\"description\":\"Private Tour Guide in Rio de Janeiro\",\"publisher\":{\"@id\":\"https:\/\/rioartexperience.com\/it\/#organization\"},\"potentialAction\":[{\"@type\":\"SearchAction\",\"target\":{\"@type\":\"EntryPoint\",\"urlTemplate\":\"https:\/\/rioartexperience.com\/it\/?s={search_term_string}\"},\"query-input\":{\"@type\":\"PropertyValueSpecification\",\"valueRequired\":true,\"valueName\":\"search_term_string\"}}],\"inLanguage\":\"pt-BR\"},{\"@type\":\"Organization\",\"@id\":\"https:\/\/rioartexperience.com\/it\/#organization\",\"name\":\"Rio Art Experience\",\"url\":\"https:\/\/rioartexperience.com\/it\/\",\"logo\":{\"@type\":\"ImageObject\",\"inLanguage\":\"pt-BR\",\"@id\":\"https:\/\/rioartexperience.com\/it\/#\/schema\/logo\/image\/\",\"url\":\"https:\/\/rioartexperience.com\/it\/wp-content\/uploads\/2019\/09\/logo_rae.png\",\"contentUrl\":\"https:\/\/rioartexperience.com\/it\/wp-content\/uploads\/2019\/09\/logo_rae.png\",\"width\":139,\"height\":181,\"caption\":\"Rio Art Experience\"},\"image\":{\"@id\":\"https:\/\/rioartexperience.com\/it\/#\/schema\/logo\/image\/\"},\"sameAs\":[\"https:\/\/www.facebook.com\/rioartexperience\",\"https:\/\/x.com\/TatiGuide\",\"https:\/\/www.instagram.com\/rioartexperience\/\"]}]}<\/script>\n<!-- \/ Yoast SEO plugin. -->","yoast_head_json":{"title":"City Tour - Rio Art Experience","description":"RioArtExperience, a receptive tourism agency based in Rio, invites its clients to encounter unique experiences in the Marvelous City. The agency came to life in the beautiful city of Rio de Janeiro in 2014, inspired by a trend of big cities like London, New York and Rome which integrate art and tourism.","robots":{"index":"index","follow":"follow","max-snippet":"max-snippet:-1","max-image-preview":"max-image-preview:large","max-video-preview":"max-video-preview:-1"},"canonical":"https:\/\/rioartexperience.com\/it\/tours\/city-tour\/","og_locale":"pt_BR","og_type":"article","og_title":"City Tour - Rio Art Experience","og_description":"RioArtExperience, a receptive tourism agency based in Rio, invites its clients to encounter unique experiences in the Marvelous City. The agency came to life in the beautiful city of Rio de Janeiro in 2014, inspired by a trend of big cities like London, New York and Rome which integrate art and tourism.","og_url":"https:\/\/rioartexperience.com\/it\/tours\/city-tour\/","og_site_name":"Rio Art Experience","article_publisher":"https:\/\/www.facebook.com\/rioartexperience","article_modified_time":"2020-06-04T00:42:34+00:00","twitter_card":"summary_large_image","twitter_site":"@TatiGuide","twitter_misc":{"Est. tempo de leitura":"12 minutos"},"schema":{"@context":"https:\/\/schema.org","@graph":[{"@type":"WebPage","@id":"https:\/\/rioartexperience.com\/it\/tours\/city-tour\/","url":"https:\/\/rioartexperience.com\/it\/tours\/city-tour\/","name":"City Tour - Rio Art Experience","isPartOf":{"@id":"https:\/\/rioartexperience.com\/it\/#website"},"datePublished":"2019-09-04T07:11:58+00:00","dateModified":"2020-06-04T00:42:34+00:00","description":"RioArtExperience, a receptive tourism agency based in Rio, invites its clients to encounter unique experiences in the Marvelous City. The agency came to life in the beautiful city of Rio de Janeiro in 2014, inspired by a trend of big cities like London, New York and Rome which integrate art and tourism.","breadcrumb":{"@id":"https:\/\/rioartexperience.com\/it\/tours\/city-tour\/#breadcrumb"},"inLanguage":"pt-BR","potentialAction":[{"@type":"ReadAction","target":["https:\/\/rioartexperience.com\/it\/tours\/city-tour\/"]}]},{"@type":"BreadcrumbList","@id":"https:\/\/rioartexperience.com\/it\/tours\/city-tour\/#breadcrumb","itemListElement":[{"@type":"ListItem","position":1,"name":"Home","item":"https:\/\/rioartexperience.com\/it\/home\/"},{"@type":"ListItem","position":2,"name":"I nostri tour","item":"https:\/\/rioartexperience.com\/it\/tours\/"},{"@type":"ListItem","position":3,"name":"City Tour"}]},{"@type":"WebSite","@id":"https:\/\/rioartexperience.com\/it\/#website","url":"https:\/\/rioartexperience.com\/it\/","name":"Rio Art Experience","description":"Private Tour Guide in Rio de Janeiro","publisher":{"@id":"https:\/\/rioartexperience.com\/it\/#organization"},"potentialAction":[{"@type":"SearchAction","target":{"@type":"EntryPoint","urlTemplate":"https:\/\/rioartexperience.com\/it\/?s={search_term_string}"},"query-input":{"@type":"PropertyValueSpecification","valueRequired":true,"valueName":"search_term_string"}}],"inLanguage":"pt-BR"},{"@type":"Organization","@id":"https:\/\/rioartexperience.com\/it\/#organization","name":"Rio Art Experience","url":"https:\/\/rioartexperience.com\/it\/","logo":{"@type":"ImageObject","inLanguage":"pt-BR","@id":"https:\/\/rioartexperience.com\/it\/#\/schema\/logo\/image\/","url":"https:\/\/rioartexperience.com\/it\/wp-content\/uploads\/2019\/09\/logo_rae.png","contentUrl":"https:\/\/rioartexperience.com\/it\/wp-content\/uploads\/2019\/09\/logo_rae.png","width":139,"height":181,"caption":"Rio Art Experience"},"image":{"@id":"https:\/\/rioartexperience.com\/it\/#\/schema\/logo\/image\/"},"sameAs":["https:\/\/www.facebook.com\/rioartexperience","https:\/\/x.com\/TatiGuide","https:\/\/www.instagram.com\/rioartexperience\/"]}]}},"_links":{"self":[{"href":"https:\/\/rioartexperience.com\/it\/wp-json\/wp\/v2\/pages\/309","targetHints":{"allow":["GET"]}}],"collection":[{"href":"https:\/\/rioartexperience.com\/it\/wp-json\/wp\/v2\/pages"}],"about":[{"href":"https:\/\/rioartexperience.com\/it\/wp-json\/wp\/v2\/types\/page"}],"author":[{"embeddable":true,"href":"https:\/\/rioartexperience.com\/it\/wp-json\/wp\/v2\/users\/1"}],"replies":[{"embeddable":true,"href":"https:\/\/rioartexperience.com\/it\/wp-json\/wp\/v2\/comments?post=309"}],"version-history":[{"count":27,"href":"https:\/\/rioartexperience.com\/it\/wp-json\/wp\/v2\/pages\/309\/revisions"}],"predecessor-version":[{"id":719,"href":"https:\/\/rioartexperience.com\/it\/wp-json\/wp\/v2\/pages\/309\/revisions\/719"}],"up":[{"embeddable":true,"href":"https:\/\/rioartexperience.com\/it\/wp-json\/wp\/v2\/pages\/123"}],"wp:attachment":[{"href":"https:\/\/rioartexperience.com\/it\/wp-json\/wp\/v2\/media?parent=309"}],"curies":[{"name":"wp","href":"https:\/\/api.w.org\/{rel}","templated":true}]}}