{"id":300,"date":"2019-09-04T06:58:18","date_gmt":"2019-09-04T06:58:18","guid":{"rendered":"https:\/\/rioartexperience.com\/es\/?page_id=300"},"modified":"2020-06-13T23:25:11","modified_gmt":"2020-06-13T23:25:11","slug":"architecture-tour","status":"publish","type":"page","link":"https:\/\/rioartexperience.com\/es\/tours\/architecture-tour\/","title":{"rendered":"Architecture tour"},"content":{"rendered":"<div id='av_section_1'  class='avia-section main_color avia-section-huge avia-no-border-styling  avia-full-stretch avia-bg-style-scroll  avia-builder-el-0  el_before_av_section  avia-builder-el-first   av-medium-hide av-small-hide av-mini-hide av-minimum-height av-minimum-height-custom  container_wrap sidebar_right' style='background-repeat: no-repeat; background-image: url(https:\/\/rioartexperience.com\/es\/wp-content\/uploads\/2019\/09\/topo_arquite.jpg);background-attachment: scroll; background-position: bottom right;  '  data-section-bg-repeat='stretch'><div class='container' style='height:500px'><main  role=\"main\" itemprop=\"mainContentOfPage\"  class='template-page content  av-content-small alpha units'><div class='post-entry post-entry-type-page post-entry-300'><div class='entry-content-wrapper clearfix'>\n<div class=\"flex_column av_one_half  flex_column_div av-zero-column-padding first  avia-builder-el-1  el_before_av_one_half  avia-builder-el-first  \" style='border-radius:0px; '><div  style='padding-bottom:10px; font-size:50px;' class='av-special-heading av-special-heading-h1  blockquote modern-quote  avia-builder-el-2  avia-builder-el-no-sibling  av-thin-font av-inherit-size '><h1 class='av-special-heading-tag '  itemprop=\"headline\"  ><strong>Tour de arquitectura<\/strong><\/h1><div class ='av-subheading av-subheading_below  ' style='font-size:15px;'><p>RioArtExperience<\/p>\n<\/div><div class='special-heading-border'><div class='special-heading-inner-border' ><\/div><\/div><\/div><\/div><div class=\"flex_column av_one_half  flex_column_div av-zero-column-padding   avia-builder-el-3  el_after_av_one_half  avia-builder-el-last  \" style='border-radius:0px; '><\/div>\n\n<\/div><\/div><\/main><!-- close content main element --><\/div><\/div><div id='av_section_2'  class='avia-section main_color avia-section-large avia-no-border-styling  avia-full-stretch av-section-color-overlay-active avia-bg-style-scroll  avia-builder-el-4  el_after_av_section  el_before_av_section   av-desktop-hide av-minimum-height av-minimum-height-25  container_wrap sidebar_right' style='background-repeat: no-repeat; background-image: url(https:\/\/rioartexperience.com\/es\/wp-content\/uploads\/2019\/09\/topo_arquite.jpg);background-attachment: scroll; background-position: bottom right;  '  data-section-bg-repeat='stretch' data-av_minimum_height_pc='25'><div class='av-section-color-overlay-wrap'><div class='av-section-color-overlay' style='opacity: 0.8; background-color: #ffffff; '><\/div><div class='container' ><div class='template-page content  av-content-small alpha units'><div class='post-entry post-entry-type-page post-entry-300'><div class='entry-content-wrapper clearfix'>\n<div class=\"flex_column av_one_half  flex_column_div av-zero-column-padding first  avia-builder-el-5  el_before_av_one_half  avia-builder-el-first  \" style='border-radius:0px; '><div  style='padding-bottom:10px; font-size:50px;' class='av-special-heading av-special-heading-h1  blockquote modern-quote  avia-builder-el-6  avia-builder-el-no-sibling  av-thin-font av-inherit-size '><h1 class='av-special-heading-tag '  itemprop=\"headline\"  ><strong>Tour de arquitectura<\/strong><\/h1><div class ='av-subheading av-subheading_below  ' style='font-size:15px;'><p>RioArtExperience<\/p>\n<\/div><div class='special-heading-border'><div class='special-heading-inner-border' ><\/div><\/div><\/div><\/div><div class=\"flex_column av_one_half  flex_column_div av-zero-column-padding   avia-builder-el-7  el_after_av_one_half  avia-builder-el-last  \" style='border-radius:0px; '><\/div>\n\n<\/div><\/div><\/div><!-- close content main div --><\/div><\/div><\/div><div id='av_section_3'  class='avia-section main_color avia-section-large avia-no-border-styling  avia-bg-style-scroll  avia-builder-el-8  el_after_av_section  el_before_av_section   container_wrap sidebar_right' style='background-color: #ededed;  '  ><div class='container' ><div class='template-page content  av-content-small alpha units'><div class='post-entry post-entry-type-page post-entry-300'><div class='entry-content-wrapper clearfix'>\n<div class=\"flex_column av_one_fourth  flex_column_div av-zero-column-padding first  avia-builder-el-9  el_before_av_one_half  avia-builder-el-first  \" style='border-radius:0px; '><\/div><div class=\"flex_column av_one_half  flex_column_div av-zero-column-padding   avia-builder-el-10  el_after_av_one_fourth  el_before_av_one_fourth  \" style='border-radius:0px; '><p><div  style='padding-bottom:20px; ' class='av-special-heading av-special-heading-h3  blockquote modern-quote  avia-builder-el-11  el_before_av_textblock  avia-builder-el-first  av-thin-font '><h3 class='av-special-heading-tag '  itemprop=\"headline\"  ><strong>R\u00edo de Janeiro y el municipio vecino de Niter\u00f3i poseen una serie de edificios y elementos arquitect\u00f3nicos que convierten estos lugares en una verdadera obra de arte.<\/strong><\/h3><div class='special-heading-border'><div class='special-heading-inner-border' ><\/div><\/div><\/div><br \/>\n<section class=\"av_textblock_section \"  itemscope=\"itemscope\" itemtype=\"https:\/\/schema.org\/CreativeWork\" ><div class='avia_textblock  '   itemprop=\"text\" ><div id=\"comp-ivh3usg4inlineContent\" class=\"c3inlineContent\">\n<div id=\"comp-it30loin\" class=\"txtNew\" data-packed=\"true\">\n<p style=\"text-align: justify;\"><span style=\"font-weight: 400;\">El paseo aspira a que el turista sea capaz de conocer cada estilo, contextualizando sus \u00e9pocas. Al mismo tiempo, contamos la historia de la expansi\u00f3n urban\u00edstica de R\u00edo. Entre los edificios m\u00e1s destacados est\u00e1 la Biblioteca Nacional, el Teatro Municipal y el Museo Nacional de Bellas Artes, todos localizados en la famosa plaza de Cinel\u00e2ndia. En Barra da Tijuca visitamos proyectos contempor\u00e1neos como la Ciudad de las Artes, el Hospital Rede Sarah e el Parque Ol\u00edmpico, donde se celebraron los Juegos Ol\u00edmpicos de R\u00edo de 2016; la Plaza Mau\u00e1 con el ic\u00f3nico Edificio llamado La Noche y la obra del arquitecto espa\u00f1ol Santiago Calatrava, el Museo del Ma\u00f1ana. <\/span><\/p>\n<p style=\"text-align: justify;\"><span style=\"font-weight: 400;\">Adem\u00e1s, conoceremos algunas obras de Oscar Niemeyer, el c\u00e9lebre arquitecto carioca que alcanz\u00f3 una popularidad mundial por su estilo original de trazos redondeados. Las famosas curvas de este arquitecto, que no amaba las l\u00edneas rectas, se pueden divisar en varios rincones de R\u00edo y Niter\u00f3i en obras como la Pasarela Darcy Ribeiro, mejor conocida como el Samb\u00f3dromo, el Palacio Gustavo Capanema y el Museo de Arte Contempor\u00e1nea de Niter\u00f3i, entre tantas otras. \u00a1Vamos a sumergirnos juntos en las curvas cariocas! <\/span><\/p>\n<\/div>\n<\/div>\n<\/div><\/section><br \/>\n<div  class='avia-buttonrow-wrap avia-buttonrow-center   avia-builder-el-13  el_after_av_textblock  avia-builder-el-last '>\n<a href='https:\/\/rioartexperience.com\/es\/contact\/'  class='avia-button  avia-icon_select-yes-left-icon avia-color-theme-color avia-size-large '  style='margin-bottom:5px; margin-left:3px; margin-right:3px; ' ><span class='avia_button_icon avia_button_icon_left ' aria-hidden='true' data-av_icon='\ue805' data-av_iconfont='entypo-fontello'><\/span><span class='avia_iconbox_title' >ENVIAR MENSAJE<\/span><\/a>\n<a href='http:\/\/wa.me\/5521994231768' class='avia-button  avia-icon_select-yes-left-icon avia-color-theme-color avia-size-large ' target=\"_blank\" style='margin-bottom:5px; margin-left:3px; margin-right:3px; ' rel=\"noopener\"><span class='avia_button_icon avia_button_icon_left ' aria-hidden='true' data-av_icon='\ue854' data-av_iconfont='entypo-fontello'><\/span><span class='avia_iconbox_title' >WHATSAPP<\/span><\/a>\n<\/div><\/p><\/div><div class=\"flex_column av_one_fourth  flex_column_div av-zero-column-padding   avia-builder-el-14  el_after_av_one_half  el_before_av_one_full  \" style='border-radius:0px; '><\/div><div class=\"flex_column av_one_full  flex_column_div av-zero-column-padding first  avia-builder-el-15  el_after_av_one_fourth  avia-builder-el-last  column-top-margin\" style='border-radius:0px; '><div  class='avia-buttonrow-wrap avia-buttonrow-center   avia-builder-el-16  avia-builder-el-no-sibling '>\n<a href='https:\/\/rioartexperience.com\/es\/tours\/street-art-tour\/'  class='avia-button  avia-icon_select-no avia-color-custom avia-size-large '  style='background-color:#a8a8a8; border-color:#a8a8a8; color:#ffffff; margin-bottom:2px; margin-left:1px; margin-right:1px; ' ><span class='avia_iconbox_title' >Tour De Arte Urbano<\/span><\/a>\n<a href='https:\/\/rioartexperience.com\/es\/tours\/city-tour\/'  class='avia-button  avia-icon_select-no avia-color-custom avia-size-large '  style='background-color:#a8a8a8; border-color:#a8a8a8; color:#ffffff; margin-bottom:2px; margin-left:1px; margin-right:1px; ' ><span class='avia_iconbox_title' >City Tour<\/span><\/a>\n<a href='https:\/\/rioartexperience.com\/es\/tours\/experience-tour\/'  class='avia-button  avia-icon_select-no avia-color-custom avia-size-large '  style='background-color:#a8a8a8; border-color:#a8a8a8; color:#ffffff; margin-bottom:2px; margin-left:1px; margin-right:1px; ' ><span class='avia_iconbox_title' >Tour De Experiencia<\/span><\/a>\n<a href='https:\/\/rioartexperience.com\/es\/tours\/corporate-tour\/'  class='avia-button  avia-icon_select-no avia-color-custom avia-size-large '  style='background-color:#a8a8a8; border-color:#a8a8a8; color:#ffffff; margin-bottom:2px; margin-left:1px; margin-right:1px; ' ><span class='avia_iconbox_title' >Tour Corporativo<\/span><\/a>\n<\/div><\/div><\/div><\/div><\/div><!-- close content main div --><\/div><\/div><div id='av_section_4'  class='avia-section main_color avia-section-default avia-no-border-styling  avia-full-stretch avia-bg-style-scroll  avia-builder-el-17  el_after_av_section  avia-builder-el-last   container_wrap sidebar_right' style='background-color: #ffffff; background-repeat: no-repeat; background-image: url(https:\/\/rioartexperience.com\/es\/wp-content\/uploads\/2019\/09\/fundo_streetart2.jpg);background-attachment: scroll; background-position: center center;  '  data-section-bg-repeat='stretch'><div class='container' ><div class='template-page content  av-content-small alpha units'><div class='post-entry post-entry-type-page post-entry-300'><div class='entry-content-wrapper clearfix'>\n<div class=\"flex_column av_one_fifth  flex_column_div av-zero-column-padding first  avia-builder-el-18  el_before_av_three_fifth  avia-builder-el-first  \" style='border-radius:0px; '><\/div><div class=\"flex_column av_three_fifth  flex_column_div av-zero-column-padding   avia-builder-el-19  el_after_av_one_fifth  el_before_av_one_fifth  \" style='border-radius:0px; '><p><div  style='padding-bottom:10px; ' class='av-special-heading av-special-heading-h2  blockquote modern-quote modern-centered  avia-builder-el-20  el_before_av_textblock  avia-builder-el-first  av-thin-font '><h2 class='av-special-heading-tag '  itemprop=\"headline\"  ><strong>Cont\u00e1ctenos y vea lo que podemos hacer por usted<\/strong><\/h2><div class='special-heading-border'><div class='special-heading-inner-border' ><\/div><\/div><\/div><br \/>\n<section class=\"av_textblock_section \"  itemscope=\"itemscope\" itemtype=\"https:\/\/schema.org\/CreativeWork\" ><div class='avia_textblock  '   itemprop=\"text\" ><div id=\"comp-ivh3usg4inlineContent\" class=\"c3inlineContent\">\n<div id=\"comp-it30loin\" class=\"txtNew\" data-packed=\"true\">\n<div id=\"idsxc3z8_1\" class=\"txtNew\" data-packed=\"true\">\n<div id=\"idsxc3za_2\" class=\"txtNew\" data-packed=\"true\">\n<div id=\"comp-ivh5bpah\" class=\"txtNew\" data-packed=\"true\">\n<p class=\"font_8\" style=\"text-align: center;\"><strong>Email<\/strong>: <a href=\"mailto:rioartexperience@gmail.com\">rioartexperience@gmail.com<\/a><br \/>\n<strong>Tel<\/strong>: <a href=\"https:\/\/api.whatsapp.com\/send?phone=5521994231768\" target=\"_blank\" rel=\"noopener noreferrer\">+55 (21) 99423-1768<\/a><\/p>\n<\/div>\n<\/div>\n<\/div>\n<\/div>\n<\/div>\n<\/div><\/section><br \/>\n<div   data-autoplay='false'  data-interval='5'  data-animation='slide'  class='avia-logo-element-container av-border-deactivate avia-logo-grid avia-content-slider avia-smallarrow-slider avia-content-grid-active noHover avia-content-slider1 avia-content-slider-odd  avia-builder-el-22  el_after_av_textblock  avia-builder-el-last  ' ><div class='avia-smallarrow-slider-heading  no-logo-slider-heading '><div class='new-special-heading'>&nbsp;<\/div><\/div><div class='avia-content-slider-inner'><div class='slide-entry-wrap' ><div data-avia-tooltip=\"WhatsApp\" class='slide-entry flex_column no_margin post-entry slide-entry-overview slide-loop-1 slide-parity-odd  av_one_fifth first real-thumbnail'><a href='http:\/\/wa.me\/5521994231768' data-rel='slide-1' class='slide-image' title='' target=\"_blank\" rel=\"noopener\"><img loading=\"lazy\" decoding=\"async\" width=\"35\" height=\"35\" src=\"https:\/\/rioartexperience.com\/es\/wp-content\/uploads\/2019\/09\/ico_whatsapp35.png\" class=\"attachment-no scaling size-no scaling\" alt=\"\" \/><\/a><\/div><div data-avia-tooltip=\"Messenger\" class='slide-entry flex_column no_margin post-entry slide-entry-overview slide-loop-2 slide-parity-even  av_one_fifth  real-thumbnail'><a href='http:\/\/m.me\/rioartexperience' data-rel='slide-1' class='slide-image' title='' target=\"_blank\" rel=\"noopener\"><img loading=\"lazy\" decoding=\"async\" width=\"35\" height=\"35\" src=\"https:\/\/rioartexperience.com\/es\/wp-content\/uploads\/2019\/09\/ico_messenger35.png\" class=\"attachment-no scaling size-no scaling\" alt=\"\" \/><\/a><\/div><div data-avia-tooltip=\"Instagram\" class='slide-entry flex_column no_margin post-entry slide-entry-overview slide-loop-3 slide-parity-odd  av_one_fifth  real-thumbnail'><a href='http:\/\/instagram.com\/rioartexperience' data-rel='slide-1' class='slide-image' title='' target=\"_blank\" rel=\"noopener\"><img loading=\"lazy\" decoding=\"async\" width=\"35\" height=\"35\" src=\"https:\/\/rioartexperience.com\/es\/wp-content\/uploads\/2019\/09\/ico_instagram35.png\" class=\"attachment-no scaling size-no scaling\" alt=\"\" \/><\/a><\/div><div data-avia-tooltip=\"Facebook\" class='slide-entry flex_column no_margin post-entry slide-entry-overview slide-loop-4 slide-parity-even  av_one_fifth  real-thumbnail'><a href='http:\/\/facebook.com\/rioartexperience' data-rel='slide-1' class='slide-image' title='' target=\"_blank\" rel=\"noopener\"><img loading=\"lazy\" decoding=\"async\" width=\"35\" height=\"35\" src=\"https:\/\/rioartexperience.com\/es\/wp-content\/uploads\/2019\/09\/ico_facebook35.png\" class=\"attachment-no scaling size-no scaling\" alt=\"\" \/><\/a><\/div><div data-avia-tooltip=\"Tripadvisor\" class='slide-entry flex_column no_margin post-entry slide-entry-overview slide-loop-5 slide-parity-odd  post-entry-last  av_one_fifth  real-thumbnail'><a href='https:\/\/www.tripadvisor.com.br\/Attraction_Review-g303506-d11830608-Reviews-Rio_Art_Experience-Rio_de_Janeiro_State_of_Rio_de_Janeiro.html' data-rel='slide-1' class='slide-image' title='' target=\"_blank\" rel=\"noopener\"><img loading=\"lazy\" decoding=\"async\" width=\"64\" height=\"35\" src=\"https:\/\/rioartexperience.com\/es\/wp-content\/uploads\/2019\/09\/tripadvisor_icon.png\" class=\"attachment-no scaling size-no scaling\" alt=\"\" \/><\/a><\/div><\/div><\/div><\/div><\/p><\/div><div class=\"flex_column av_one_fifth  flex_column_div av-zero-column-padding   avia-builder-el-23  el_after_av_three_fifth  avia-builder-el-last  \" style='border-radius:0px; '><\/div>\n<\/div><\/div><\/div><!-- close content main div --><\/div><\/div><div id='after_section_4'  class='main_color av_default_container_wrap container_wrap sidebar_right' style=' '  ><div class='container' ><div class='template-page content  av-content-small alpha units'><div class='post-entry post-entry-type-page post-entry-300'><div class='entry-content-wrapper clearfix'><\/p>\n","protected":false},"excerpt":{"rendered":"","protected":false},"author":1,"featured_media":0,"parent":123,"menu_order":0,"comment_status":"closed","ping_status":"closed","template":"","meta":{"footnotes":""},"class_list":["post-300","page","type-page","status-publish","hentry"],"_links":{"self":[{"href":"https:\/\/rioartexperience.com\/es\/wp-json\/wp\/v2\/pages\/300"}],"collection":[{"href":"https:\/\/rioartexperience.com\/es\/wp-json\/wp\/v2\/pages"}],"about":[{"href":"https:\/\/rioartexperience.com\/es\/wp-json\/wp\/v2\/types\/page"}],"author":[{"embeddable":true,"href":"https:\/\/rioartexperience.com\/es\/wp-json\/wp\/v2\/users\/1"}],"replies":[{"embeddable":true,"href":"https:\/\/rioartexperience.com\/es\/wp-json\/wp\/v2\/comments?post=300"}],"version-history":[{"count":25,"href":"https:\/\/rioartexperience.com\/es\/wp-json\/wp\/v2\/pages\/300\/revisions"}],"predecessor-version":[{"id":674,"href":"https:\/\/rioartexperience.com\/es\/wp-json\/wp\/v2\/pages\/300\/revisions\/674"}],"up":[{"embeddable":true,"href":"https:\/\/rioartexperience.com\/es\/wp-json\/wp\/v2\/pages\/123"}],"wp:attachment":[{"href":"https:\/\/rioartexperience.com\/es\/wp-json\/wp\/v2\/media?parent=300"}],"curies":[{"name":"wp","href":"https:\/\/api.w.org\/{rel}","templated":true}]}}