{"id":123,"date":"2018-05-30T12:53:26","date_gmt":"2018-05-30T12:53:26","guid":{"rendered":"https:\/\/rioartexperience.com\/es\/?page_id=123"},"modified":"2020-06-13T23:37:05","modified_gmt":"2020-06-13T23:37:05","slug":"tours","status":"publish","type":"page","link":"https:\/\/rioartexperience.com\/es\/tours\/","title":{"rendered":"Nuestros tours"},"content":{"rendered":"<div id='av_section_1'  class='avia-section main_color avia-section-huge avia-no-border-styling  avia-full-stretch avia-bg-style-scroll  avia-builder-el-0  el_before_av_section  avia-builder-el-first   av-medium-hide av-small-hide av-mini-hide av-minimum-height av-minimum-height-custom  container_wrap sidebar_right' style='background-repeat: no-repeat; background-image: url(https:\/\/rioartexperience.com\/es\/wp-content\/uploads\/2019\/09\/topo_tours1.jpg);background-attachment: scroll; background-position: bottom right;  '  data-section-bg-repeat='stretch'><div class='container' style='height:500px'><main  role=\"main\" itemprop=\"mainContentOfPage\"  class='template-page content  av-content-small alpha units'><div class='post-entry post-entry-type-page post-entry-123'><div class='entry-content-wrapper clearfix'>\n<div class=\"flex_column av_one_half  flex_column_div av-zero-column-padding first  avia-builder-el-1  el_before_av_one_half  avia-builder-el-first  \" style='border-radius:0px; '><div  style='padding-bottom:10px; font-size:50px;' class='av-special-heading av-special-heading-h1  blockquote modern-quote  avia-builder-el-2  avia-builder-el-no-sibling  av-thin-font av-inherit-size '><h1 class='av-special-heading-tag '  itemprop=\"headline\"  ><strong>Nuestros tours<\/strong><\/h1><div class ='av-subheading av-subheading_below  ' style='font-size:15px;'><p>Encuentre experiencias \u00fanicas en<br \/>\nla Ciudad Maravillosa.<\/p>\n<\/div><div class='special-heading-border'><div class='special-heading-inner-border' ><\/div><\/div><\/div><\/div><div class=\"flex_column av_one_half  flex_column_div av-zero-column-padding   avia-builder-el-3  el_after_av_one_half  avia-builder-el-last  \" style='border-radius:0px; '><\/div>\n\n<\/div><\/div><\/main><!-- close content main element --><\/div><\/div><div id='av_section_2'  class='avia-section main_color avia-section-large avia-no-border-styling  avia-full-stretch av-section-color-overlay-active avia-bg-style-scroll  avia-builder-el-4  el_after_av_section  el_before_av_section   av-desktop-hide av-minimum-height av-minimum-height-25  container_wrap sidebar_right' style='background-repeat: no-repeat; background-image: url(https:\/\/rioartexperience.com\/es\/wp-content\/uploads\/2019\/09\/topo_tours1.jpg);background-attachment: scroll; background-position: bottom right;  '  data-section-bg-repeat='stretch' data-av_minimum_height_pc='25'><div class='av-section-color-overlay-wrap'><div class='av-section-color-overlay' style='opacity: 0.8; background-color: #ffffff; '><\/div><div class='container' ><div class='template-page content  av-content-small alpha units'><div class='post-entry post-entry-type-page post-entry-123'><div class='entry-content-wrapper clearfix'>\n<div class=\"flex_column av_one_half  flex_column_div av-zero-column-padding first  avia-builder-el-5  el_before_av_one_half  avia-builder-el-first  \" style='border-radius:0px; '><div  style='padding-bottom:10px; font-size:50px;' class='av-special-heading av-special-heading-h1  blockquote modern-quote  avia-builder-el-6  avia-builder-el-no-sibling  av-thin-font av-inherit-size '><h1 class='av-special-heading-tag '  itemprop=\"headline\"  ><strong>Nuestros tours<\/strong><\/h1><div class ='av-subheading av-subheading_below  ' style='font-size:15px;'><p>Encuentre experiencias \u00fanicas en<br \/>\nla Ciudad Maravillosa.<\/p>\n<\/div><div class='special-heading-border'><div class='special-heading-inner-border' ><\/div><\/div><\/div><\/div><div class=\"flex_column av_one_half  flex_column_div av-zero-column-padding   avia-builder-el-7  el_after_av_one_half  avia-builder-el-last  \" style='border-radius:0px; '><\/div>\n\n<\/div><\/div><\/div><!-- close content main div --><\/div><\/div><\/div><div id='av_section_3'  class='avia-section main_color avia-section-large avia-no-border-styling  avia-bg-style-scroll  avia-builder-el-8  el_after_av_section  el_before_av_section   container_wrap sidebar_right' style='background-color: #ededed;  '  ><div class='container' ><div class='template-page content  av-content-small alpha units'><div class='post-entry post-entry-type-page post-entry-123'><div class='entry-content-wrapper clearfix'>\n<div class=\"flex_column av_one_full  av-animated-generic left-to-right  flex_column_div av-zero-column-padding first  avia-builder-el-9  el_before_av_one_half  avia-builder-el-first  \" style='border-radius:0px; '><div  style='padding-bottom:10px; ' class='av-special-heading av-special-heading-h2  blockquote modern-quote  avia-builder-el-10  avia-builder-el-no-sibling  av-thin-font '><h2 class='av-special-heading-tag '  itemprop=\"headline\"  ><strong>RioArtExperience<\/strong> ofrece una gran variedad de tours privados y tratamos de satisfacer sus deseos personales.<\/h2><div class='special-heading-border'><div class='special-heading-inner-border' ><\/div><\/div><\/div><\/div><div class=\"flex_column av_one_half  av-animated-generic left-to-right  flex_column_div av-zero-column-padding first  avia-builder-el-11  el_after_av_one_full  el_before_av_one_half  column-top-margin\" style='border-radius:0px; '><p><div  style='padding-bottom:20px; ' class='av-special-heading av-special-heading-h2  blockquote modern-quote  avia-builder-el-12  el_before_av_image  avia-builder-el-first  av-thin-font '><h2 class='av-special-heading-tag '  itemprop=\"headline\"  ><a href=\"https:\/\/rioartexperience.com\/es\/street-art-tour\/\"><strong>Tour de arte urbano (o callejero)<\/strong><\/a><\/h2><div class='special-heading-border'><div class='special-heading-inner-border' ><\/div><\/div><\/div><br \/>\n<div  class='avia-image-container  av-styling- av-hover-grow   avia-builder-el-13  el_after_av_heading  el_before_av_textblock  avia-align-center '  itemprop=\"image\" itemscope=\"itemscope\" itemtype=\"https:\/\/schema.org\/ImageObject\"  ><div class='avia-image-container-inner'><div class='avia-image-overlay-wrap'><a href='https:\/\/rioartexperience.com\/es\/tours\/street-art-tour\/' class='avia_image'  ><img class='avia_image ' src='https:\/\/rioartexperience.com\/es\/wp-content\/uploads\/2019\/11\/tour_urbanart.jpg' alt='' title='Street Art Tour'  itemprop=\"thumbnailUrl\"  \/><\/a><\/div><\/div><\/div><br \/>\n<section class=\"av_textblock_section \"  itemscope=\"itemscope\" itemtype=\"https:\/\/schema.org\/CreativeWork\" ><div class='avia_textblock  '   itemprop=\"text\" ><div id=\"comp-ivh3usg4inlineContent\" class=\"c3inlineContent\">\n<div id=\"comp-it30loin\" class=\"txtNew\" data-packed=\"true\">\n<p class=\"font_8\" style=\"text-align: justify;\"><span style=\"font-weight: 400;\">\u00a1Ven a conocer con nosotros un itinerario enteramente dedicado al arte callejero que embellece los m\u00e1s diversos puntos de R\u00edo de Janeiro! Exploramos el arte ef\u00edmero a partr de los murales llenos de color para pasar a los stencils surrealistas o a los p\u00f3steres con garabatos incoherentes. Surgidas en espacios abiertos y p\u00fablicos, estas creaciones muchas veces dialogan con nuestra historia actual y al mismo tiempo con nuestras ra\u00edces. <\/span><\/p>\n<\/div>\n<\/div>\n<\/div><\/section><br \/>\n<div  class='avia-button-wrap avia-button-center  avia-builder-el-15  el_after_av_textblock  avia-builder-el-last ' ><a href='https:\/\/rioartexperience.com\/es\/tours\/street-art-tour\/'  class='avia-button av-icon-on-hover  avia-icon_select-yes-left-icon avia-color-theme-color avia-size-medium avia-position-center '   ><span class='avia_button_icon avia_button_icon_left ' aria-hidden='true' data-av_icon='\ue812' data-av_iconfont='entypo-fontello'><\/span><span class='avia_iconbox_title' >Mas informaciones<\/span><\/a><\/div><\/p><\/div><div class=\"flex_column av_one_half  av-animated-generic left-to-right  flex_column_div av-zero-column-padding   avia-builder-el-16  el_after_av_one_half  el_before_av_one_half  column-top-margin\" style='border-radius:0px; '><p><div  style='padding-bottom:20px; ' class='av-special-heading av-special-heading-h2  blockquote modern-quote  avia-builder-el-17  el_before_av_image  avia-builder-el-first  av-thin-font '><h2 class='av-special-heading-tag '  itemprop=\"headline\"  ><a href=\"https:\/\/rioartexperience.com\/es\/architecture-tour\/\"><strong>Tour de arquitectura<\/strong><\/a><\/h2><div class='special-heading-border'><div class='special-heading-inner-border' ><\/div><\/div><\/div><br \/>\n<div  class='avia-image-container  av-styling- av-hover-grow   avia-builder-el-18  el_after_av_heading  el_before_av_textblock  avia-align-center '  itemprop=\"image\" itemscope=\"itemscope\" itemtype=\"https:\/\/schema.org\/ImageObject\"  ><div class='avia-image-container-inner'><div class='avia-image-overlay-wrap'><a href='https:\/\/rioartexperience.com\/es\/tours\/architecture-tour\/' class='avia_image'  ><img class='avia_image ' src='https:\/\/rioartexperience.com\/es\/wp-content\/uploads\/2019\/11\/architecture_tour.jpg' alt='' title='Architecture Tour'  itemprop=\"thumbnailUrl\"  \/><\/a><\/div><\/div><\/div><br \/>\n<section class=\"av_textblock_section \"  itemscope=\"itemscope\" itemtype=\"https:\/\/schema.org\/CreativeWork\" ><div class='avia_textblock  '   itemprop=\"text\" ><div id=\"comp-ivh3usg4inlineContent\" class=\"c3inlineContent\">\n<div id=\"comp-it30loin\" class=\"txtNew\" data-packed=\"true\">\n<p class=\"font_8\" style=\"text-align: justify;\"><span style=\"font-weight: 400;\">R\u00edo de Janeiro y el municipio vecino de Niter\u00f3i poseen una serie de edificios y elementos arquitect\u00f3nicos que convierten estos lugares en una verdadera obra de arte. El paseo aspira a que el turista sea capaz de conocer cada estilo, contextualizando sus \u00e9pocas. Al mismo tiempo, contamos la historia de la expansi\u00f3n urban\u00edstica de R\u00edo. <\/span><\/p>\n<\/div>\n<\/div>\n<\/div><\/section><br \/>\n<div  class='avia-button-wrap avia-button-center  avia-builder-el-20  el_after_av_textblock  avia-builder-el-last ' ><a href='https:\/\/rioartexperience.com\/es\/tours\/architecture-tour\/'  class='avia-button av-icon-on-hover  avia-icon_select-yes-left-icon avia-color-theme-color avia-size-medium avia-position-center '   ><span class='avia_button_icon avia_button_icon_left ' aria-hidden='true' data-av_icon='\ue812' data-av_iconfont='entypo-fontello'><\/span><span class='avia_iconbox_title' >Mas informaciones<\/span><\/a><\/div><\/p><\/div><div class=\"flex_column av_one_half  av-animated-generic left-to-right  flex_column_div av-zero-column-padding first  avia-builder-el-21  el_after_av_one_half  el_before_av_one_half  column-top-margin\" style='border-radius:0px; '><p><div  style='padding-bottom:20px; ' class='av-special-heading av-special-heading-h2  blockquote modern-quote  avia-builder-el-22  el_before_av_image  avia-builder-el-first  av-thin-font '><h2 class='av-special-heading-tag '  itemprop=\"headline\"  ><a href=\"https:\/\/rioartexperience.com\/es\/city-tour\/\"><strong>City tour<\/strong><\/a><\/h2><div class='special-heading-border'><div class='special-heading-inner-border' ><\/div><\/div><\/div><br \/>\n<div  class='avia-image-container  av-styling- av-hover-grow   avia-builder-el-23  el_after_av_heading  el_before_av_textblock  avia-align-center '  itemprop=\"image\" itemscope=\"itemscope\" itemtype=\"https:\/\/schema.org\/ImageObject\"  ><div class='avia-image-container-inner'><div class='avia-image-overlay-wrap'><a href='https:\/\/rioartexperience.com\/es\/tours\/city-tour\/' class='avia_image'  ><img class='avia_image ' src='https:\/\/rioartexperience.com\/es\/wp-content\/uploads\/2019\/11\/city_tour.jpg' alt='' title='City Tour'  itemprop=\"thumbnailUrl\"  \/><\/a><\/div><\/div><\/div><br \/>\n<section class=\"av_textblock_section \"  itemscope=\"itemscope\" itemtype=\"https:\/\/schema.org\/CreativeWork\" ><div class='avia_textblock  '   itemprop=\"text\" ><div id=\"comp-ivh3usg4inlineContent\" class=\"c3inlineContent\">\n<div id=\"comp-it30loin\" class=\"txtNew\" data-packed=\"true\">\n<p class=\"font_8\" style=\"text-align: justify;\"><span style=\"font-weight: 400;\">R\u00edo de Janeiro es una ciudad rica de colores, sabores y detalles. Aunque un d\u00eda no es suficiente para tener una experiencia carioca totalmente plena, organizamos una visita a los puntos tur\u00edsticos m\u00e1s importantes para que el visitante pueda entrar en contacto con la belleza natural, la historia, el arte, la arquitectura y la cultura de la ciudad. <\/span><\/p>\n<\/div>\n<\/div>\n<\/div><\/section><br \/>\n<div  class='avia-button-wrap avia-button-center  avia-builder-el-25  el_after_av_textblock  avia-builder-el-last ' ><a href='https:\/\/rioartexperience.com\/es\/tours\/city-tour\/'  class='avia-button av-icon-on-hover  avia-icon_select-yes-left-icon avia-color-theme-color avia-size-medium avia-position-center '   ><span class='avia_button_icon avia_button_icon_left ' aria-hidden='true' data-av_icon='\ue812' data-av_iconfont='entypo-fontello'><\/span><span class='avia_iconbox_title' >Mas informaciones<\/span><\/a><\/div><\/p><\/div><div class=\"flex_column av_one_half  av-animated-generic left-to-right  flex_column_div av-zero-column-padding   avia-builder-el-26  el_after_av_one_half  el_before_av_one_half  column-top-margin\" style='border-radius:0px; '><p><div  style='padding-bottom:20px; ' class='av-special-heading av-special-heading-h2  blockquote modern-quote  avia-builder-el-27  el_before_av_image  avia-builder-el-first  av-thin-font '><h2 class='av-special-heading-tag '  itemprop=\"headline\"  ><a href=\"https:\/\/rioartexperience.com\/es\/experience-tour\/\"><strong>Tour de experiencia<\/strong><\/a><\/h2><div class='special-heading-border'><div class='special-heading-inner-border' ><\/div><\/div><\/div><br \/>\n<div  class='avia-image-container  av-styling- av-hover-grow   avia-builder-el-28  el_after_av_heading  el_before_av_textblock  avia-align-center '  itemprop=\"image\" itemscope=\"itemscope\" itemtype=\"https:\/\/schema.org\/ImageObject\"  ><div class='avia-image-container-inner'><div class='avia-image-overlay-wrap'><a href='https:\/\/rioartexperience.com\/es\/tours\/experience-tour\/' class='avia_image'  ><img class='avia_image ' src='https:\/\/rioartexperience.com\/es\/wp-content\/uploads\/2019\/11\/experience-tour.jpg' alt='' title='Experience Tour'  itemprop=\"thumbnailUrl\"  \/><\/a><\/div><\/div><\/div><br \/>\n<section class=\"av_textblock_section \"  itemscope=\"itemscope\" itemtype=\"https:\/\/schema.org\/CreativeWork\" ><div class='avia_textblock  '   itemprop=\"text\" ><div id=\"comp-ivh3usg4inlineContent\" class=\"c3inlineContent\">\n<div id=\"comp-it30loin\" class=\"txtNew\" data-packed=\"true\">\n<p><span style=\"font-weight: 400;\">Para quien busca vivenciar experiencias \u00fanicas en la ciudad, o para quien ya conoce los sitios cl\u00e1sicos do R\u00edo, RioArtExperience ofrece tours diferenciados que muestran al visitante ambientes aut\u00e9nticos y multiculturales de nuestra ciudad.<\/span><\/p>\n<\/div>\n<\/div>\n<\/div><\/section><br \/>\n<div  class='avia-button-wrap avia-button-center  avia-builder-el-30  el_after_av_textblock  avia-builder-el-last ' ><a href='https:\/\/rioartexperience.com\/es\/tours\/experience-tour\/'  class='avia-button av-icon-on-hover  avia-icon_select-yes-left-icon avia-color-theme-color avia-size-medium avia-position-center '   ><span class='avia_button_icon avia_button_icon_left ' aria-hidden='true' data-av_icon='\ue812' data-av_iconfont='entypo-fontello'><\/span><span class='avia_iconbox_title' >Mas informaciones<\/span><\/a><\/div><\/p><\/div><div class=\"flex_column av_one_half  av-animated-generic left-to-right  flex_column_div av-zero-column-padding first  avia-builder-el-31  el_after_av_one_half  avia-builder-el-last  column-top-margin\" style='border-radius:0px; '><p><div  style='padding-bottom:20px; ' class='av-special-heading av-special-heading-h2  blockquote modern-quote  avia-builder-el-32  el_before_av_image  avia-builder-el-first  av-thin-font '><h2 class='av-special-heading-tag '  itemprop=\"headline\"  ><a href=\"https:\/\/rioartexperience.com\/es\/corporate-tour\/\"><strong>Tour corporativo<\/strong><\/a><\/h2><div class='special-heading-border'><div class='special-heading-inner-border' ><\/div><\/div><\/div><br \/>\n<div  class='avia-image-container  av-styling- av-hover-grow   avia-builder-el-33  el_after_av_heading  el_before_av_textblock  avia-align-center '  itemprop=\"image\" itemscope=\"itemscope\" itemtype=\"https:\/\/schema.org\/ImageObject\"  ><div class='avia-image-container-inner'><div class='avia-image-overlay-wrap'><a href='https:\/\/rioartexperience.com\/es\/tours\/city-tour\/' class='avia_image'  ><img class='avia_image ' src='https:\/\/rioartexperience.com\/es\/wp-content\/uploads\/2019\/11\/corporate-tour.jpg' alt='' title='Corporate Tour'  itemprop=\"thumbnailUrl\"  \/><\/a><\/div><\/div><\/div><br \/>\n<section class=\"av_textblock_section \"  itemscope=\"itemscope\" itemtype=\"https:\/\/schema.org\/CreativeWork\" ><div class='avia_textblock  '   itemprop=\"text\" ><div id=\"comp-ivh3usg4inlineContent\" class=\"c3inlineContent\">\n<div id=\"comp-it30loin\" class=\"txtNew\" data-packed=\"true\">\n<p class=\"font_8\" style=\"text-align: justify;\"><span style=\"font-weight: 400;\">\u00bfQu\u00e9 mejor recompensa que ofrecer a tus clientes y colaboradores la posibilidad de una experiencia \u00fanica en la Ciudad Maravillosa? <strong>RioArtExperience<\/strong> dise\u00f1a tours de incentivo a medida con una visi\u00f3n diferenciada de R\u00edo de Janeiro, que proporcionan una vivencia agradable y al mismo tiempo conectada con su negocio. <\/span><\/p>\n<\/div>\n<\/div>\n<\/div><\/section><br \/>\n<div  class='avia-button-wrap avia-button-center  avia-builder-el-35  el_after_av_textblock  avia-builder-el-last ' ><a href='https:\/\/rioartexperience.com\/es\/tours\/corporate-tour\/'  class='avia-button av-icon-on-hover  avia-icon_select-yes-left-icon avia-color-theme-color avia-size-medium avia-position-center '   ><span class='avia_button_icon avia_button_icon_left ' aria-hidden='true' data-av_icon='\ue812' data-av_iconfont='entypo-fontello'><\/span><span class='avia_iconbox_title' >Mas informaciones<\/span><\/a><\/div><\/p><\/div><\/div><\/div><\/div><!-- close content main div --><\/div><\/div><div id='av_section_4'  class='avia-section main_color avia-section-default avia-no-border-styling  avia-full-stretch avia-bg-style-scroll  avia-builder-el-36  el_after_av_section  avia-builder-el-last   container_wrap sidebar_right' style='background-color: #ffffff; background-repeat: no-repeat; background-image: url(https:\/\/rioartexperience.com\/es\/wp-content\/uploads\/2019\/09\/bg_3.jpg);background-attachment: scroll; background-position: center center;  '  data-section-bg-repeat='stretch'><div class='container' ><div class='template-page content  av-content-small alpha units'><div class='post-entry post-entry-type-page post-entry-123'><div class='entry-content-wrapper clearfix'>\n<div class=\"flex_column av_one_fifth  flex_column_div av-zero-column-padding first  avia-builder-el-37  el_before_av_three_fifth  avia-builder-el-first  \" style='border-radius:0px; '><\/div><div class=\"flex_column av_three_fifth  flex_column_div av-zero-column-padding   avia-builder-el-38  el_after_av_one_fifth  el_before_av_one_fifth  \" style='border-radius:0px; '><p><div  style='padding-bottom:10px; ' class='av-special-heading av-special-heading-h2  blockquote modern-quote modern-centered  avia-builder-el-39  el_before_av_textblock  avia-builder-el-first  av-thin-font '><h2 class='av-special-heading-tag '  itemprop=\"headline\"  ><strong>Cont\u00e1ctenos y vea lo que podemos hacer por usted<\/strong><\/h2><div class='special-heading-border'><div class='special-heading-inner-border' ><\/div><\/div><\/div><br \/>\n<section class=\"av_textblock_section \"  itemscope=\"itemscope\" itemtype=\"https:\/\/schema.org\/CreativeWork\" ><div class='avia_textblock  '   itemprop=\"text\" ><div id=\"comp-ivh3usg4inlineContent\" class=\"c3inlineContent\">\n<div id=\"comp-it30loin\" class=\"txtNew\" data-packed=\"true\">\n<div id=\"idsxc3z8_1\" class=\"txtNew\" data-packed=\"true\">\n<div id=\"idsxc3za_2\" class=\"txtNew\" data-packed=\"true\">\n<div id=\"comp-ivh5bpah\" class=\"txtNew\" data-packed=\"true\">\n<p class=\"font_8\" style=\"text-align: center;\"><strong>Email<\/strong>: <a href=\"mailto:rioartexperience@gmail.com\">rioartexperience@gmail.com<\/a><br \/>\n<strong>Tel<\/strong>: <a href=\"http:\/\/wa.me\/5521994231768\" target=\"_blank\" rel=\"noopener noreferrer\">+55 (21) 99423-1768<\/a><\/p>\n<\/div>\n<\/div>\n<\/div>\n<\/div>\n<\/div>\n<\/div><\/section><br \/>\n<div   data-autoplay='false'  data-interval='5'  data-animation='slide'  class='avia-logo-element-container av-border-deactivate avia-logo-grid avia-content-slider avia-smallarrow-slider avia-content-grid-active noHover avia-content-slider1 avia-content-slider-odd  avia-builder-el-41  el_after_av_textblock  avia-builder-el-last  ' ><div class='avia-smallarrow-slider-heading  no-logo-slider-heading '><div class='new-special-heading'>&nbsp;<\/div><\/div><div class='avia-content-slider-inner'><div class='slide-entry-wrap' ><div data-avia-tooltip=\"WhatsApp\" class='slide-entry flex_column no_margin post-entry slide-entry-overview slide-loop-1 slide-parity-odd  av_one_fifth first real-thumbnail'><a href='http:\/\/wa.me\/5521994231768' data-rel='slide-1' class='slide-image' title='' target=\"_blank\" rel=\"noopener\"><img loading=\"lazy\" decoding=\"async\" width=\"35\" height=\"35\" src=\"https:\/\/rioartexperience.com\/es\/wp-content\/uploads\/2019\/09\/ico_whatsapp35.png\" class=\"attachment-no scaling size-no scaling\" alt=\"\" \/><\/a><\/div><div data-avia-tooltip=\"Messenger\" class='slide-entry flex_column no_margin post-entry slide-entry-overview slide-loop-2 slide-parity-even  av_one_fifth  real-thumbnail'><a href='http:\/\/m.me\/rioartexperience' data-rel='slide-1' class='slide-image' title='' target=\"_blank\" rel=\"noopener\"><img loading=\"lazy\" decoding=\"async\" width=\"35\" height=\"35\" src=\"https:\/\/rioartexperience.com\/es\/wp-content\/uploads\/2019\/09\/ico_messenger35.png\" class=\"attachment-no scaling size-no scaling\" alt=\"\" \/><\/a><\/div><div data-avia-tooltip=\"Instagram\" class='slide-entry flex_column no_margin post-entry slide-entry-overview slide-loop-3 slide-parity-odd  av_one_fifth  real-thumbnail'><a href='http:\/\/instagram.com\/rioartexperience' data-rel='slide-1' class='slide-image' title='' target=\"_blank\" rel=\"noopener\"><img loading=\"lazy\" decoding=\"async\" width=\"35\" height=\"35\" src=\"https:\/\/rioartexperience.com\/es\/wp-content\/uploads\/2019\/09\/ico_instagram35.png\" class=\"attachment-no scaling size-no scaling\" alt=\"\" \/><\/a><\/div><div data-avia-tooltip=\"Facebook\" class='slide-entry flex_column no_margin post-entry slide-entry-overview slide-loop-4 slide-parity-even  av_one_fifth  real-thumbnail'><a href='http:\/\/facebook.com\/rioartexperience' data-rel='slide-1' class='slide-image' title='' target=\"_blank\" rel=\"noopener\"><img loading=\"lazy\" decoding=\"async\" width=\"35\" height=\"35\" src=\"https:\/\/rioartexperience.com\/es\/wp-content\/uploads\/2019\/09\/ico_facebook35.png\" class=\"attachment-no scaling size-no scaling\" alt=\"\" \/><\/a><\/div><div data-avia-tooltip=\"Tripadvisor\" class='slide-entry flex_column no_margin post-entry slide-entry-overview slide-loop-5 slide-parity-odd  post-entry-last  av_one_fifth  real-thumbnail'><a href='https:\/\/www.tripadvisor.com.br\/Attraction_Review-g303506-d11830608-Reviews-Rio_Art_Experience-Rio_de_Janeiro_State_of_Rio_de_Janeiro.html' data-rel='slide-1' class='slide-image' title='' target=\"_blank\" rel=\"noopener\"><img loading=\"lazy\" decoding=\"async\" width=\"64\" height=\"35\" src=\"https:\/\/rioartexperience.com\/es\/wp-content\/uploads\/2019\/09\/tripadvisor_icon.png\" class=\"attachment-no scaling size-no scaling\" alt=\"\" \/><\/a><\/div><\/div><\/div><\/div><\/p><\/div><div class=\"flex_column av_one_fifth  flex_column_div av-zero-column-padding   avia-builder-el-42  el_after_av_three_fifth  avia-builder-el-last  \" style='border-radius:0px; '><\/div>\n<\/div><\/div><\/div><!-- close content main div --><\/div><\/div><div id='after_section_4'  class='main_color av_default_container_wrap container_wrap sidebar_right' style=' '  ><div class='container' ><div class='template-page content  av-content-small alpha units'><div class='post-entry post-entry-type-page post-entry-123'><div class='entry-content-wrapper clearfix'><\/p>\n","protected":false},"excerpt":{"rendered":"","protected":false},"author":1,"featured_media":0,"parent":0,"menu_order":0,"comment_status":"closed","ping_status":"closed","template":"","meta":{"footnotes":""},"class_list":["post-123","page","type-page","status-publish","hentry"],"_links":{"self":[{"href":"https:\/\/rioartexperience.com\/es\/wp-json\/wp\/v2\/pages\/123"}],"collection":[{"href":"https:\/\/rioartexperience.com\/es\/wp-json\/wp\/v2\/pages"}],"about":[{"href":"https:\/\/rioartexperience.com\/es\/wp-json\/wp\/v2\/types\/page"}],"author":[{"embeddable":true,"href":"https:\/\/rioartexperience.com\/es\/wp-json\/wp\/v2\/users\/1"}],"replies":[{"embeddable":true,"href":"https:\/\/rioartexperience.com\/es\/wp-json\/wp\/v2\/comments?post=123"}],"version-history":[{"count":48,"href":"https:\/\/rioartexperience.com\/es\/wp-json\/wp\/v2\/pages\/123\/revisions"}],"predecessor-version":[{"id":681,"href":"https:\/\/rioartexperience.com\/es\/wp-json\/wp\/v2\/pages\/123\/revisions\/681"}],"wp:attachment":[{"href":"https:\/\/rioartexperience.com\/es\/wp-json\/wp\/v2\/media?parent=123"}],"curies":[{"name":"wp","href":"https:\/\/api.w.org\/{rel}","templated":true}]}}